{"id":7,"date":"2023-04-13T04:26:38","date_gmt":"2023-04-13T04:26:38","guid":{"rendered":"https:\/\/sanandoenlameditacion.com\/?page_id=7"},"modified":"2025-06-23T20:03:28","modified_gmt":"2025-06-23T20:03:28","slug":"meditacion-para-el-bienestar","status":"publish","type":"page","link":"https:\/\/sanandoenlameditacion.com\/","title":{"rendered":"Conect\u00e1ndote con tu interior"},"content":{"rendered":"<h3 data-start=\"0\" data-end=\"43\"><\/h3>\n<h3 data-start=\"0\" data-end=\"43\">Bienvenido a <em data-start=\"17\" data-end=\"43\">Sanando en la Meditaci\u00f3n<\/em><\/h3>\n<div class=\"flex basis-auto flex-col -mb-(--composer-overlap-px) [--composer-overlap-px:24px] grow overflow-hidden\">\n<div class=\"relative h-full\">\n<div class=\"flex h-full flex-col overflow-y-auto [scrollbar-gutter:stable_both-edges] @[84rem]\/thread:pt-(--header-height)\">\n<div class=\"@thread-xl\/thread:pt-header-height mt-1.5 flex flex-col text-sm\">\n<article class=\"text-token-text-primary w-full\" dir=\"auto\" data-testid=\"conversation-turn-518\" data-scroll-anchor=\"true\">\n<div class=\"text-base my-auto mx-auto py-5 [--thread-content-margin:--spacing(4)] @[37rem]:[--thread-content-margin:--spacing(6)] @[72rem]:[--thread-content-margin:--spacing(16)] px-(--thread-content-margin)\">\n<div class=\"[--thread-content-max-width:32rem] @[34rem]:[--thread-content-max-width:40rem] @[64rem]:[--thread-content-max-width:48rem] mx-auto flex max-w-(--thread-content-max-width) flex-1 text-base gap-4 md:gap-5 lg:gap-6 group\/turn-messages focus-visible:outline-hidden\" tabindex=\"-1\">\n<div class=\"group\/conversation-turn relative flex w-full min-w-0 flex-col agent-turn\">\n<div class=\"relative flex-col gap-1 md:gap-3\">\n<div class=\"flex max-w-full flex-col grow\">\n<div class=\"min-h-8 text-message relative flex w-full flex-col items-end gap-2 text-start break-words whitespace-normal [.text-message+&amp;]:mt-5\" dir=\"auto\" data-message-author-role=\"assistant\" data-message-id=\"c1f50258-78a2-400b-8ede-bef8791b0a9b\" data-message-model-slug=\"gpt-4o\">\n<div class=\"flex w-full flex-col gap-1 empty:hidden first:pt-[3px]\">\n<div class=\"markdown prose dark:prose-invert w-full break-words light\">\n<p>Sanando en la meditaci\u00f3n es un espacio dedicado a la meditaci\u00f3n para el bienestar, donde te acompa\u00f1amos a reencontrarte con tu paz interior y equilibrio emocional.<\/p>\n<p>Donde sanar cuerpo, mente y esp\u00edritu es posible a trav\u00e9s de pr\u00e1cticas conscientes y profundas. Ac\u00e1, la calma, la conexi\u00f3n interior y la respiraci\u00f3n consciente son el centro de nuestra propuesta transformadora.<\/p>\n<p>La meditaci\u00f3n no es solo una t\u00e9cnica, es un camino de transformaci\u00f3n personal, una forma de vida que te ayuda a calmar la mente, aliviar el estr\u00e9s, superar la ansiedad y recuperar el equilibrio interior que muchas veces olvidamos en la rutina diaria.<\/p>\n<p>Cada respiraci\u00f3n consciente es un paso hacia el presente. En nuestras pr\u00e1cticas, combinamos t\u00e9cnicas ancestrales como la respiraci\u00f3n pranay\u00e1mica, visualizaciones guiadas, meditaciones en silencio y ejercicios de atenci\u00f3n plena. Estos recursos te permiten cultivar una conexi\u00f3n profunda con tu cuerpo, tu mente y tus emociones, aprendiendo a escucharte y respetarte.<\/p>\n<p>No importa si nunca meditaste antes o si ya ten\u00e9s experiencia. Ac\u00e1 te vas a sentir bienvenido y acompa\u00f1ado desde el primer momento. Nuestro prop\u00f3sito es ofrecerte herramientas simples, accesibles y transformadoras que puedas aplicar en tu vida cotidiana para mejorar tu bienestar f\u00edsico, mental y emocional.<\/p>\n<p>Hay varios tipos de meditaciones, nosotros preferimos practicar la meditaci\u00f3n Vipassana, pod\u00e9 ver tambi\u00e9n\u00a0\u00a0<a href=\"https:\/\/psicologiaymente.com\/vida\/tipos-de-meditacion\" target=\"_blank\" rel=\"noopener\">8 tipos de meditaci\u00f3n <\/a><\/p>\n<p>Adem\u00e1s de las sesiones presenciales en Juan Manuel de Rosas 1092, contamos con encuentros virtuales para que puedas sumarte desde cualquier lugar. Todas nuestras pr\u00e1cticas est\u00e1n guiadas con calidez y respeto por tu proceso personal, creando un ambiente de confianza y crecimiento.<\/p>\n<p>Tambi\u00e9n hemos incorporado t\u00e9cnicas complementarias como Reiki <a href=\"https:\/\/sanandoenlameditacion.com\/index.php\/descubre-la-energia-curativa-del-reiki\/\">Descubre la energ\u00eda curativa del Reiki<\/a>, tapping emocional, afirmaciones conscientes y pr\u00e1cticas adaptadas para ni\u00f1os, adultos mayores o personas con ansiedad, insomnio o ataques de p\u00e1nico. Cada una de estas herramientas refuerza tu capacidad de sanar y de autogestionar tus estados internos.<\/p>\n<p>Creemos profundamente que el bienestar es un derecho de todos, y que con pr\u00e1ctica y constancia, cualquier persona puede aprender a vivir con m\u00e1s calma, claridad y prop\u00f3sito. Somos una comunidad que elige sanar desde la calma y la conciencia, compartiendo experiencias y creciendo juntos.<\/p>\n<p>Te invitamos a recorrer nuestra web, descubrir nuestros servicios y agendar tu primera sesi\u00f3n. Sent\u00ed la paz interior que te merec\u00e9s y empez\u00e1 hoy mismo tu viaje de autocuidado. \u00a1Te esperamos en Juan Manuel de Rosas 1092 para comenzar juntos esta aventura de sanaci\u00f3n!<\/p>\n<\/div>\n<\/div>\n<\/div>\n<\/div>\n<\/div>\n<\/div>\n<\/div>\n<\/div>\n<\/article>\n<\/div>\n<\/div>\n<\/div>\n<\/div>\n","protected":false},"excerpt":{"rendered":"<p>Bienvenido a Sanando en la Meditaci\u00f3n Sanando en la meditaci\u00f3n es un espacio dedicado a la meditaci\u00f3n para el bienestar, donde te acompa\u00f1amos a reencontrarte con tu paz interior y equilibrio emocional. Donde sanar cuerpo, mente y esp\u00edritu es posible a trav\u00e9s de pr\u00e1cticas conscientes y profundas. Ac\u00e1, la calma, la conexi\u00f3n interior y la &#8230; <a title=\"Conect\u00e1ndote con tu interior\" class=\"read-more\" href=\"https:\/\/sanandoenlameditacion.com\/\" aria-label=\"Leer m\u00e1s sobre Conect\u00e1ndote con tu interior\">Leer m\u00e1s<\/a><\/p>\n","protected":false},"author":1,"featured_media":9,"parent":0,"menu_order":0,"comment_status":"closed","ping_status":"closed","template":"","meta":{"_uf_show_specific_survey":0,"_uf_disable_surveys":false,"footnotes":""},"class_list":["post-7","page","type-page","status-publish","has-post-thumbnail"],"yoast_head":"<!-- This site is optimized with the Yoast SEO plugin v27.4 - https:\/\/yoast.com\/product\/yoast-seo-wordpress\/ -->\n<title>Conect\u00e1ndote con tu interior - Sanando en la meditaci\u00f3n<\/title>\n<meta name=\"description\" content=\"Un espacio para calmar tu mente, sanar con conciencia y reconectar con vos mismo. Meditaci\u00f3n guiada, Reiki y bienestar real.\" \/>\n<meta name=\"robots\" content=\"index, follow, max-snippet:-1, max-image-preview:large, max-video-preview:-1\" \/>\n<link rel=\"canonical\" href=\"https:\/\/sanandoenlameditacion.com\/\" \/>\n<meta property=\"og:locale\" content=\"es_ES\" \/>\n<meta property=\"og:type\" content=\"article\" \/>\n<meta property=\"og:title\" content=\"Conect\u00e1ndote con tu interior - Sanando en la meditaci\u00f3n\" \/>\n<meta property=\"og:description\" content=\"Un espacio para calmar tu mente, sanar con conciencia y reconectar con vos mismo. Meditaci\u00f3n guiada, Reiki y bienestar real.\" \/>\n<meta property=\"og:url\" content=\"https:\/\/sanandoenlameditacion.com\/\" \/>\n<meta property=\"og:site_name\" content=\"Sanando en la meditaci\u00f3n\" \/>\n<meta property=\"article:modified_time\" content=\"2025-06-23T20:03:28+00:00\" \/>\n<meta property=\"og:image\" content=\"https:\/\/sanandoenlameditacion.com\/wp-content\/uploads\/2023\/04\/Budismo-Meditacion.jpg\" \/>\n\t<meta property=\"og:image:width\" content=\"480\" \/>\n\t<meta property=\"og:image:height\" content=\"640\" \/>\n\t<meta property=\"og:image:type\" content=\"image\/jpeg\" \/>\n<meta name=\"twitter:card\" content=\"summary_large_image\" \/>\n<meta name=\"twitter:label1\" content=\"Tiempo de lectura\" \/>\n\t<meta name=\"twitter:data1\" content=\"3 minutos\" \/>\n<script type=\"application\/ld+json\" class=\"yoast-schema-graph\">{\"@context\":\"https:\\\/\\\/schema.org\",\"@graph\":[{\"@type\":\"WebPage\",\"@id\":\"https:\\\/\\\/sanandoenlameditacion.com\\\/\",\"url\":\"https:\\\/\\\/sanandoenlameditacion.com\\\/\",\"name\":\"Conect\u00e1ndote con tu interior - Sanando en la meditaci\u00f3n\",\"isPartOf\":{\"@id\":\"https:\\\/\\\/sanandoenlameditacion.com\\\/#website\"},\"primaryImageOfPage\":{\"@id\":\"https:\\\/\\\/sanandoenlameditacion.com\\\/#primaryimage\"},\"image\":{\"@id\":\"https:\\\/\\\/sanandoenlameditacion.com\\\/#primaryimage\"},\"thumbnailUrl\":\"https:\\\/\\\/sanandoenlameditacion.com\\\/wp-content\\\/uploads\\\/2023\\\/04\\\/Budismo-Meditacion.jpg\",\"datePublished\":\"2023-04-13T04:26:38+00:00\",\"dateModified\":\"2025-06-23T20:03:28+00:00\",\"description\":\"Un espacio para calmar tu mente, sanar con conciencia y reconectar con vos mismo. Meditaci\u00f3n guiada, Reiki y bienestar real.\",\"breadcrumb\":{\"@id\":\"https:\\\/\\\/sanandoenlameditacion.com\\\/#breadcrumb\"},\"inLanguage\":\"es-AR\",\"potentialAction\":[{\"@type\":\"ReadAction\",\"target\":[\"https:\\\/\\\/sanandoenlameditacion.com\\\/\"]}]},{\"@type\":\"ImageObject\",\"inLanguage\":\"es-AR\",\"@id\":\"https:\\\/\\\/sanandoenlameditacion.com\\\/#primaryimage\",\"url\":\"https:\\\/\\\/sanandoenlameditacion.com\\\/wp-content\\\/uploads\\\/2023\\\/04\\\/Budismo-Meditacion.jpg\",\"contentUrl\":\"https:\\\/\\\/sanandoenlameditacion.com\\\/wp-content\\\/uploads\\\/2023\\\/04\\\/Budismo-Meditacion.jpg\",\"width\":480,\"height\":640},{\"@type\":\"BreadcrumbList\",\"@id\":\"https:\\\/\\\/sanandoenlameditacion.com\\\/#breadcrumb\",\"itemListElement\":[{\"@type\":\"ListItem\",\"position\":1,\"name\":\"Portada\",\"item\":\"https:\\\/\\\/sanandoenlameditacion.com\\\/\"},{\"@type\":\"ListItem\",\"position\":2,\"name\":\"Conect\u00e1ndote con tu interior\"}]},{\"@type\":\"WebSite\",\"@id\":\"https:\\\/\\\/sanandoenlameditacion.com\\\/#website\",\"url\":\"https:\\\/\\\/sanandoenlameditacion.com\\\/\",\"name\":\"Sanando en la meditaci\u00f3n\",\"description\":\"En este sitio encontrar\u00e1n art\u00edculos sobre distintos tipos de meditaci\u00f3n, t\u00e9cnicas de respiraci\u00f3n, beneficios de la meditaci\u00f3n\",\"publisher\":{\"@id\":\"https:\\\/\\\/sanandoenlameditacion.com\\\/#organization\"},\"potentialAction\":[{\"@type\":\"SearchAction\",\"target\":{\"@type\":\"EntryPoint\",\"urlTemplate\":\"https:\\\/\\\/sanandoenlameditacion.com\\\/?s={search_term_string}\"},\"query-input\":{\"@type\":\"PropertyValueSpecification\",\"valueRequired\":true,\"valueName\":\"search_term_string\"}}],\"inLanguage\":\"es-AR\"},{\"@type\":\"Organization\",\"@id\":\"https:\\\/\\\/sanandoenlameditacion.com\\\/#organization\",\"name\":\"Sanando en la meditaci\u00f3n\",\"url\":\"https:\\\/\\\/sanandoenlameditacion.com\\\/\",\"logo\":{\"@type\":\"ImageObject\",\"inLanguage\":\"es-AR\",\"@id\":\"https:\\\/\\\/sanandoenlameditacion.com\\\/#\\\/schema\\\/logo\\\/image\\\/\",\"url\":\"https:\\\/\\\/sanandoenlameditacion.com\\\/wp-content\\\/uploads\\\/2023\\\/04\\\/Budismo-Meditacion.jpg\",\"contentUrl\":\"https:\\\/\\\/sanandoenlameditacion.com\\\/wp-content\\\/uploads\\\/2023\\\/04\\\/Budismo-Meditacion.jpg\",\"width\":480,\"height\":640,\"caption\":\"Sanando en la meditaci\u00f3n\"},\"image\":{\"@id\":\"https:\\\/\\\/sanandoenlameditacion.com\\\/#\\\/schema\\\/logo\\\/image\\\/\"}}]}<\/script>\n<!-- \/ Yoast SEO plugin. -->","yoast_head_json":{"title":"Conect\u00e1ndote con tu interior - Sanando en la meditaci\u00f3n","description":"Un espacio para calmar tu mente, sanar con conciencia y reconectar con vos mismo. Meditaci\u00f3n guiada, Reiki y bienestar real.","robots":{"index":"index","follow":"follow","max-snippet":"max-snippet:-1","max-image-preview":"max-image-preview:large","max-video-preview":"max-video-preview:-1"},"canonical":"https:\/\/sanandoenlameditacion.com\/","og_locale":"es_ES","og_type":"article","og_title":"Conect\u00e1ndote con tu interior - Sanando en la meditaci\u00f3n","og_description":"Un espacio para calmar tu mente, sanar con conciencia y reconectar con vos mismo. Meditaci\u00f3n guiada, Reiki y bienestar real.","og_url":"https:\/\/sanandoenlameditacion.com\/","og_site_name":"Sanando en la meditaci\u00f3n","article_modified_time":"2025-06-23T20:03:28+00:00","og_image":[{"width":480,"height":640,"url":"https:\/\/sanandoenlameditacion.com\/wp-content\/uploads\/2023\/04\/Budismo-Meditacion.jpg","type":"image\/jpeg"}],"twitter_card":"summary_large_image","twitter_misc":{"Tiempo de lectura":"3 minutos"},"schema":{"@context":"https:\/\/schema.org","@graph":[{"@type":"WebPage","@id":"https:\/\/sanandoenlameditacion.com\/","url":"https:\/\/sanandoenlameditacion.com\/","name":"Conect\u00e1ndote con tu interior - Sanando en la meditaci\u00f3n","isPartOf":{"@id":"https:\/\/sanandoenlameditacion.com\/#website"},"primaryImageOfPage":{"@id":"https:\/\/sanandoenlameditacion.com\/#primaryimage"},"image":{"@id":"https:\/\/sanandoenlameditacion.com\/#primaryimage"},"thumbnailUrl":"https:\/\/sanandoenlameditacion.com\/wp-content\/uploads\/2023\/04\/Budismo-Meditacion.jpg","datePublished":"2023-04-13T04:26:38+00:00","dateModified":"2025-06-23T20:03:28+00:00","description":"Un espacio para calmar tu mente, sanar con conciencia y reconectar con vos mismo. Meditaci\u00f3n guiada, Reiki y bienestar real.","breadcrumb":{"@id":"https:\/\/sanandoenlameditacion.com\/#breadcrumb"},"inLanguage":"es-AR","potentialAction":[{"@type":"ReadAction","target":["https:\/\/sanandoenlameditacion.com\/"]}]},{"@type":"ImageObject","inLanguage":"es-AR","@id":"https:\/\/sanandoenlameditacion.com\/#primaryimage","url":"https:\/\/sanandoenlameditacion.com\/wp-content\/uploads\/2023\/04\/Budismo-Meditacion.jpg","contentUrl":"https:\/\/sanandoenlameditacion.com\/wp-content\/uploads\/2023\/04\/Budismo-Meditacion.jpg","width":480,"height":640},{"@type":"BreadcrumbList","@id":"https:\/\/sanandoenlameditacion.com\/#breadcrumb","itemListElement":[{"@type":"ListItem","position":1,"name":"Portada","item":"https:\/\/sanandoenlameditacion.com\/"},{"@type":"ListItem","position":2,"name":"Conect\u00e1ndote con tu interior"}]},{"@type":"WebSite","@id":"https:\/\/sanandoenlameditacion.com\/#website","url":"https:\/\/sanandoenlameditacion.com\/","name":"Sanando en la meditaci\u00f3n","description":"En este sitio encontrar\u00e1n art\u00edculos sobre distintos tipos de meditaci\u00f3n, t\u00e9cnicas de respiraci\u00f3n, beneficios de la meditaci\u00f3n","publisher":{"@id":"https:\/\/sanandoenlameditacion.com\/#organization"},"potentialAction":[{"@type":"SearchAction","target":{"@type":"EntryPoint","urlTemplate":"https:\/\/sanandoenlameditacion.com\/?s={search_term_string}"},"query-input":{"@type":"PropertyValueSpecification","valueRequired":true,"valueName":"search_term_string"}}],"inLanguage":"es-AR"},{"@type":"Organization","@id":"https:\/\/sanandoenlameditacion.com\/#organization","name":"Sanando en la meditaci\u00f3n","url":"https:\/\/sanandoenlameditacion.com\/","logo":{"@type":"ImageObject","inLanguage":"es-AR","@id":"https:\/\/sanandoenlameditacion.com\/#\/schema\/logo\/image\/","url":"https:\/\/sanandoenlameditacion.com\/wp-content\/uploads\/2023\/04\/Budismo-Meditacion.jpg","contentUrl":"https:\/\/sanandoenlameditacion.com\/wp-content\/uploads\/2023\/04\/Budismo-Meditacion.jpg","width":480,"height":640,"caption":"Sanando en la meditaci\u00f3n"},"image":{"@id":"https:\/\/sanandoenlameditacion.com\/#\/schema\/logo\/image\/"}}]}},"_links":{"self":[{"href":"https:\/\/sanandoenlameditacion.com\/index.php\/wp-json\/wp\/v2\/pages\/7","targetHints":{"allow":["GET"]}}],"collection":[{"href":"https:\/\/sanandoenlameditacion.com\/index.php\/wp-json\/wp\/v2\/pages"}],"about":[{"href":"https:\/\/sanandoenlameditacion.com\/index.php\/wp-json\/wp\/v2\/types\/page"}],"author":[{"embeddable":true,"href":"https:\/\/sanandoenlameditacion.com\/index.php\/wp-json\/wp\/v2\/users\/1"}],"replies":[{"embeddable":true,"href":"https:\/\/sanandoenlameditacion.com\/index.php\/wp-json\/wp\/v2\/comments?post=7"}],"version-history":[{"count":29,"href":"https:\/\/sanandoenlameditacion.com\/index.php\/wp-json\/wp\/v2\/pages\/7\/revisions"}],"predecessor-version":[{"id":216,"href":"https:\/\/sanandoenlameditacion.com\/index.php\/wp-json\/wp\/v2\/pages\/7\/revisions\/216"}],"wp:featuredmedia":[{"embeddable":true,"href":"https:\/\/sanandoenlameditacion.com\/index.php\/wp-json\/wp\/v2\/media\/9"}],"wp:attachment":[{"href":"https:\/\/sanandoenlameditacion.com\/index.php\/wp-json\/wp\/v2\/media?parent=7"}],"curies":[{"name":"wp","href":"https:\/\/api.w.org\/{rel}","templated":true}]}}