{"id":22,"date":"2023-04-13T13:46:43","date_gmt":"2023-04-13T13:46:43","guid":{"rendered":"https:\/\/sanandoenlameditacion.com\/?page_id=22"},"modified":"2024-04-17T20:18:35","modified_gmt":"2024-04-17T20:18:35","slug":"herramientas-y-recursos-para-una-excelente-meditacion","status":"publish","type":"page","link":"https:\/\/sanandoenlameditacion.com\/index.php\/herramientas-y-recursos-para-una-excelente-meditacion\/","title":{"rendered":"Herramientas y recursos para una excelente meditaci\u00f3n"},"content":{"rendered":"<p style=\"text-align: center;\"><strong>Bienvenidos a un espacio diferente<\/strong><\/p>\n<p>Un espacio donde podr\u00e1s aprender y practicar la meditaci\u00f3n para encontrar paz interior y serenidad en tu vida diaria. Te ofrecemos una amplia variedad de t\u00e9cnicas de meditaci\u00f3n y respiraci\u00f3n para que encuentres la que mejor se adapte a tus necesidades y estilo de vida. Nuestro objetivo es acompa\u00f1arte en tu camino de crecimiento personal y ayudarte a desarrollar una mente y cuerpo m\u00e1s saludable y equilibrado. \u00a1Empecemos juntos esta aventura de descubrimiento interior!<\/p>\n<p>Te ofrecemos una variedad de herramientas y recursos para ayudarte a encontrar la paz y el equilibrio en tu vida diaria a trav\u00e9s de la meditaci\u00f3n. Desde t\u00e9cnicas simples para principiantes hasta meditaciones avanzadas para aquellos que buscan profundizar su pr\u00e1ctica, aqu\u00ed encontrar\u00e1s todo lo que necesitas para comenzar o mejorar tu viaje de meditaci\u00f3n. Nuestro objetivo es proporcionar un espacio virtual donde puedas relajarte, conectarte contigo mismo y encontrar la serenidad que necesitas en tu vida. \u00danete a nuestra comunidad y comienza hoy mismo a transformar tu mente y tu vida a trav\u00e9s de la meditaci\u00f3n.<\/p>\n","protected":false},"excerpt":{"rendered":"<p>Bienvenidos a un espacio diferente Un espacio donde podr\u00e1s aprender y practicar la meditaci\u00f3n para encontrar paz interior y serenidad en tu vida diaria. Te ofrecemos una amplia variedad de t\u00e9cnicas de meditaci\u00f3n y respiraci\u00f3n para que encuentres la que mejor se adapte a tus necesidades y estilo de vida. Nuestro objetivo es acompa\u00f1arte en &#8230; <a title=\"Herramientas y recursos para una excelente meditaci\u00f3n\" class=\"read-more\" href=\"https:\/\/sanandoenlameditacion.com\/index.php\/herramientas-y-recursos-para-una-excelente-meditacion\/\" aria-label=\"Leer m\u00e1s sobre Herramientas y recursos para una excelente meditaci\u00f3n\">Leer m\u00e1s<\/a><\/p>\n","protected":false},"author":1,"featured_media":63,"parent":0,"menu_order":0,"comment_status":"closed","ping_status":"closed","template":"","meta":{"_uf_show_specific_survey":0,"_uf_disable_surveys":false,"footnotes":""},"class_list":["post-22","page","type-page","status-publish","has-post-thumbnail"],"yoast_head":"<!-- This site is optimized with the Yoast SEO plugin v27.5 - https:\/\/yoast.com\/product\/yoast-seo-wordpress\/ -->\n<title>Herramientas y recursos para una excelente meditaci\u00f3n - Sanando en la meditaci\u00f3n<\/title>\n<meta name=\"description\" content=\"Encuentra la paz interior y el bienestar en nuestra comunidad de meditaci\u00f3n. Explora diferentes t\u00e9cnicas y herramientas para calmar la mente y conectar con tu ser interior. \u00danete a nosotros para empezar tu camino hacia una vida m\u00e1s equilibrada y consciente.\" \/>\n<meta name=\"robots\" content=\"index, follow, max-snippet:-1, max-image-preview:large, max-video-preview:-1\" \/>\n<link rel=\"canonical\" href=\"https:\/\/sanandoenlameditacion.com\/index.php\/herramientas-y-recursos-para-una-excelente-meditacion\/\" \/>\n<meta property=\"og:locale\" content=\"es_ES\" \/>\n<meta property=\"og:type\" content=\"article\" \/>\n<meta property=\"og:title\" content=\"Herramientas y recursos para una excelente meditaci\u00f3n - Sanando en la meditaci\u00f3n\" \/>\n<meta property=\"og:description\" content=\"Encuentra la paz interior y el bienestar en nuestra comunidad de meditaci\u00f3n. Explora diferentes t\u00e9cnicas y herramientas para calmar la mente y conectar con tu ser interior. \u00danete a nosotros para empezar tu camino hacia una vida m\u00e1s equilibrada y consciente.\" \/>\n<meta property=\"og:url\" content=\"https:\/\/sanandoenlameditacion.com\/index.php\/herramientas-y-recursos-para-una-excelente-meditacion\/\" \/>\n<meta property=\"og:site_name\" content=\"Sanando en la meditaci\u00f3n\" \/>\n<meta property=\"article:modified_time\" content=\"2024-04-17T20:18:35+00:00\" \/>\n<meta property=\"og:image\" content=\"https:\/\/sanandoenlameditacion.com\/wp-content\/uploads\/2023\/04\/Pagina-inicio-selm.jpg\" \/>\n\t<meta property=\"og:image:width\" content=\"640\" \/>\n\t<meta property=\"og:image:height\" content=\"426\" \/>\n\t<meta property=\"og:image:type\" content=\"image\/jpeg\" \/>\n<meta name=\"twitter:card\" content=\"summary_large_image\" \/>\n<meta name=\"twitter:label1\" content=\"Tiempo de lectura\" \/>\n\t<meta name=\"twitter:data1\" content=\"2 minutos\" \/>\n<script type=\"application\/ld+json\" class=\"yoast-schema-graph\">{\"@context\":\"https:\\\/\\\/schema.org\",\"@graph\":[{\"@type\":\"WebPage\",\"@id\":\"https:\\\/\\\/sanandoenlameditacion.com\\\/index.php\\\/herramientas-y-recursos-para-una-excelente-meditacion\\\/\",\"url\":\"https:\\\/\\\/sanandoenlameditacion.com\\\/index.php\\\/herramientas-y-recursos-para-una-excelente-meditacion\\\/\",\"name\":\"Herramientas y recursos para una excelente meditaci\u00f3n - Sanando en la meditaci\u00f3n\",\"isPartOf\":{\"@id\":\"https:\\\/\\\/sanandoenlameditacion.com\\\/#website\"},\"primaryImageOfPage\":{\"@id\":\"https:\\\/\\\/sanandoenlameditacion.com\\\/index.php\\\/herramientas-y-recursos-para-una-excelente-meditacion\\\/#primaryimage\"},\"image\":{\"@id\":\"https:\\\/\\\/sanandoenlameditacion.com\\\/index.php\\\/herramientas-y-recursos-para-una-excelente-meditacion\\\/#primaryimage\"},\"thumbnailUrl\":\"https:\\\/\\\/sanandoenlameditacion.com\\\/wp-content\\\/uploads\\\/2023\\\/04\\\/Pagina-inicio-selm.jpg\",\"datePublished\":\"2023-04-13T13:46:43+00:00\",\"dateModified\":\"2024-04-17T20:18:35+00:00\",\"description\":\"Encuentra la paz interior y el bienestar en nuestra comunidad de meditaci\u00f3n. Explora diferentes t\u00e9cnicas y herramientas para calmar la mente y conectar con tu ser interior. \u00danete a nosotros para empezar tu camino hacia una vida m\u00e1s equilibrada y consciente.\",\"breadcrumb\":{\"@id\":\"https:\\\/\\\/sanandoenlameditacion.com\\\/index.php\\\/herramientas-y-recursos-para-una-excelente-meditacion\\\/#breadcrumb\"},\"inLanguage\":\"es-AR\",\"potentialAction\":[{\"@type\":\"ReadAction\",\"target\":[\"https:\\\/\\\/sanandoenlameditacion.com\\\/index.php\\\/herramientas-y-recursos-para-una-excelente-meditacion\\\/\"]}]},{\"@type\":\"ImageObject\",\"inLanguage\":\"es-AR\",\"@id\":\"https:\\\/\\\/sanandoenlameditacion.com\\\/index.php\\\/herramientas-y-recursos-para-una-excelente-meditacion\\\/#primaryimage\",\"url\":\"https:\\\/\\\/sanandoenlameditacion.com\\\/wp-content\\\/uploads\\\/2023\\\/04\\\/Pagina-inicio-selm.jpg\",\"contentUrl\":\"https:\\\/\\\/sanandoenlameditacion.com\\\/wp-content\\\/uploads\\\/2023\\\/04\\\/Pagina-inicio-selm.jpg\",\"width\":640,\"height\":426},{\"@type\":\"BreadcrumbList\",\"@id\":\"https:\\\/\\\/sanandoenlameditacion.com\\\/index.php\\\/herramientas-y-recursos-para-una-excelente-meditacion\\\/#breadcrumb\",\"itemListElement\":[{\"@type\":\"ListItem\",\"position\":1,\"name\":\"Portada\",\"item\":\"https:\\\/\\\/sanandoenlameditacion.com\\\/\"},{\"@type\":\"ListItem\",\"position\":2,\"name\":\"Herramientas y recursos para una excelente meditaci\u00f3n\"}]},{\"@type\":\"WebSite\",\"@id\":\"https:\\\/\\\/sanandoenlameditacion.com\\\/#website\",\"url\":\"https:\\\/\\\/sanandoenlameditacion.com\\\/\",\"name\":\"Sanando en la meditaci\u00f3n\",\"description\":\"En este sitio encontrar\u00e1n art\u00edculos sobre distintos tipos de meditaci\u00f3n, t\u00e9cnicas de respiraci\u00f3n, beneficios de la meditaci\u00f3n\",\"publisher\":{\"@id\":\"https:\\\/\\\/sanandoenlameditacion.com\\\/#organization\"},\"potentialAction\":[{\"@type\":\"SearchAction\",\"target\":{\"@type\":\"EntryPoint\",\"urlTemplate\":\"https:\\\/\\\/sanandoenlameditacion.com\\\/?s={search_term_string}\"},\"query-input\":{\"@type\":\"PropertyValueSpecification\",\"valueRequired\":true,\"valueName\":\"search_term_string\"}}],\"inLanguage\":\"es-AR\"},{\"@type\":\"Organization\",\"@id\":\"https:\\\/\\\/sanandoenlameditacion.com\\\/#organization\",\"name\":\"Sanando en la meditaci\u00f3n\",\"url\":\"https:\\\/\\\/sanandoenlameditacion.com\\\/\",\"logo\":{\"@type\":\"ImageObject\",\"inLanguage\":\"es-AR\",\"@id\":\"https:\\\/\\\/sanandoenlameditacion.com\\\/#\\\/schema\\\/logo\\\/image\\\/\",\"url\":\"https:\\\/\\\/sanandoenlameditacion.com\\\/wp-content\\\/uploads\\\/2023\\\/04\\\/Budismo-Meditacion.jpg\",\"contentUrl\":\"https:\\\/\\\/sanandoenlameditacion.com\\\/wp-content\\\/uploads\\\/2023\\\/04\\\/Budismo-Meditacion.jpg\",\"width\":480,\"height\":640,\"caption\":\"Sanando en la meditaci\u00f3n\"},\"image\":{\"@id\":\"https:\\\/\\\/sanandoenlameditacion.com\\\/#\\\/schema\\\/logo\\\/image\\\/\"}}]}<\/script>\n<!-- \/ Yoast SEO plugin. -->","yoast_head_json":{"title":"Herramientas y recursos para una excelente meditaci\u00f3n - Sanando en la meditaci\u00f3n","description":"Encuentra la paz interior y el bienestar en nuestra comunidad de meditaci\u00f3n. Explora diferentes t\u00e9cnicas y herramientas para calmar la mente y conectar con tu ser interior. \u00danete a nosotros para empezar tu camino hacia una vida m\u00e1s equilibrada y consciente.","robots":{"index":"index","follow":"follow","max-snippet":"max-snippet:-1","max-image-preview":"max-image-preview:large","max-video-preview":"max-video-preview:-1"},"canonical":"https:\/\/sanandoenlameditacion.com\/index.php\/herramientas-y-recursos-para-una-excelente-meditacion\/","og_locale":"es_ES","og_type":"article","og_title":"Herramientas y recursos para una excelente meditaci\u00f3n - Sanando en la meditaci\u00f3n","og_description":"Encuentra la paz interior y el bienestar en nuestra comunidad de meditaci\u00f3n. Explora diferentes t\u00e9cnicas y herramientas para calmar la mente y conectar con tu ser interior. \u00danete a nosotros para empezar tu camino hacia una vida m\u00e1s equilibrada y consciente.","og_url":"https:\/\/sanandoenlameditacion.com\/index.php\/herramientas-y-recursos-para-una-excelente-meditacion\/","og_site_name":"Sanando en la meditaci\u00f3n","article_modified_time":"2024-04-17T20:18:35+00:00","og_image":[{"width":640,"height":426,"url":"https:\/\/sanandoenlameditacion.com\/wp-content\/uploads\/2023\/04\/Pagina-inicio-selm.jpg","type":"image\/jpeg"}],"twitter_card":"summary_large_image","twitter_misc":{"Tiempo de lectura":"2 minutos"},"schema":{"@context":"https:\/\/schema.org","@graph":[{"@type":"WebPage","@id":"https:\/\/sanandoenlameditacion.com\/index.php\/herramientas-y-recursos-para-una-excelente-meditacion\/","url":"https:\/\/sanandoenlameditacion.com\/index.php\/herramientas-y-recursos-para-una-excelente-meditacion\/","name":"Herramientas y recursos para una excelente meditaci\u00f3n - Sanando en la meditaci\u00f3n","isPartOf":{"@id":"https:\/\/sanandoenlameditacion.com\/#website"},"primaryImageOfPage":{"@id":"https:\/\/sanandoenlameditacion.com\/index.php\/herramientas-y-recursos-para-una-excelente-meditacion\/#primaryimage"},"image":{"@id":"https:\/\/sanandoenlameditacion.com\/index.php\/herramientas-y-recursos-para-una-excelente-meditacion\/#primaryimage"},"thumbnailUrl":"https:\/\/sanandoenlameditacion.com\/wp-content\/uploads\/2023\/04\/Pagina-inicio-selm.jpg","datePublished":"2023-04-13T13:46:43+00:00","dateModified":"2024-04-17T20:18:35+00:00","description":"Encuentra la paz interior y el bienestar en nuestra comunidad de meditaci\u00f3n. Explora diferentes t\u00e9cnicas y herramientas para calmar la mente y conectar con tu ser interior. \u00danete a nosotros para empezar tu camino hacia una vida m\u00e1s equilibrada y consciente.","breadcrumb":{"@id":"https:\/\/sanandoenlameditacion.com\/index.php\/herramientas-y-recursos-para-una-excelente-meditacion\/#breadcrumb"},"inLanguage":"es-AR","potentialAction":[{"@type":"ReadAction","target":["https:\/\/sanandoenlameditacion.com\/index.php\/herramientas-y-recursos-para-una-excelente-meditacion\/"]}]},{"@type":"ImageObject","inLanguage":"es-AR","@id":"https:\/\/sanandoenlameditacion.com\/index.php\/herramientas-y-recursos-para-una-excelente-meditacion\/#primaryimage","url":"https:\/\/sanandoenlameditacion.com\/wp-content\/uploads\/2023\/04\/Pagina-inicio-selm.jpg","contentUrl":"https:\/\/sanandoenlameditacion.com\/wp-content\/uploads\/2023\/04\/Pagina-inicio-selm.jpg","width":640,"height":426},{"@type":"BreadcrumbList","@id":"https:\/\/sanandoenlameditacion.com\/index.php\/herramientas-y-recursos-para-una-excelente-meditacion\/#breadcrumb","itemListElement":[{"@type":"ListItem","position":1,"name":"Portada","item":"https:\/\/sanandoenlameditacion.com\/"},{"@type":"ListItem","position":2,"name":"Herramientas y recursos para una excelente meditaci\u00f3n"}]},{"@type":"WebSite","@id":"https:\/\/sanandoenlameditacion.com\/#website","url":"https:\/\/sanandoenlameditacion.com\/","name":"Sanando en la meditaci\u00f3n","description":"En este sitio encontrar\u00e1n art\u00edculos sobre distintos tipos de meditaci\u00f3n, t\u00e9cnicas de respiraci\u00f3n, beneficios de la meditaci\u00f3n","publisher":{"@id":"https:\/\/sanandoenlameditacion.com\/#organization"},"potentialAction":[{"@type":"SearchAction","target":{"@type":"EntryPoint","urlTemplate":"https:\/\/sanandoenlameditacion.com\/?s={search_term_string}"},"query-input":{"@type":"PropertyValueSpecification","valueRequired":true,"valueName":"search_term_string"}}],"inLanguage":"es-AR"},{"@type":"Organization","@id":"https:\/\/sanandoenlameditacion.com\/#organization","name":"Sanando en la meditaci\u00f3n","url":"https:\/\/sanandoenlameditacion.com\/","logo":{"@type":"ImageObject","inLanguage":"es-AR","@id":"https:\/\/sanandoenlameditacion.com\/#\/schema\/logo\/image\/","url":"https:\/\/sanandoenlameditacion.com\/wp-content\/uploads\/2023\/04\/Budismo-Meditacion.jpg","contentUrl":"https:\/\/sanandoenlameditacion.com\/wp-content\/uploads\/2023\/04\/Budismo-Meditacion.jpg","width":480,"height":640,"caption":"Sanando en la meditaci\u00f3n"},"image":{"@id":"https:\/\/sanandoenlameditacion.com\/#\/schema\/logo\/image\/"}}]}},"_links":{"self":[{"href":"https:\/\/sanandoenlameditacion.com\/index.php\/wp-json\/wp\/v2\/pages\/22","targetHints":{"allow":["GET"]}}],"collection":[{"href":"https:\/\/sanandoenlameditacion.com\/index.php\/wp-json\/wp\/v2\/pages"}],"about":[{"href":"https:\/\/sanandoenlameditacion.com\/index.php\/wp-json\/wp\/v2\/types\/page"}],"author":[{"embeddable":true,"href":"https:\/\/sanandoenlameditacion.com\/index.php\/wp-json\/wp\/v2\/users\/1"}],"replies":[{"embeddable":true,"href":"https:\/\/sanandoenlameditacion.com\/index.php\/wp-json\/wp\/v2\/comments?post=22"}],"version-history":[{"count":7,"href":"https:\/\/sanandoenlameditacion.com\/index.php\/wp-json\/wp\/v2\/pages\/22\/revisions"}],"predecessor-version":[{"id":132,"href":"https:\/\/sanandoenlameditacion.com\/index.php\/wp-json\/wp\/v2\/pages\/22\/revisions\/132"}],"wp:featuredmedia":[{"embeddable":true,"href":"https:\/\/sanandoenlameditacion.com\/index.php\/wp-json\/wp\/v2\/media\/63"}],"wp:attachment":[{"href":"https:\/\/sanandoenlameditacion.com\/index.php\/wp-json\/wp\/v2\/media?parent=22"}],"curies":[{"name":"wp","href":"https:\/\/api.w.org\/{rel}","templated":true}]}}