{"id":15,"date":"2023-04-13T04:38:29","date_gmt":"2023-04-13T04:38:29","guid":{"rendered":"https:\/\/sanandoenlameditacion.com\/?page_id=15"},"modified":"2023-09-15T16:06:12","modified_gmt":"2023-09-15T16:06:12","slug":"quienes-somos","status":"publish","type":"page","link":"https:\/\/sanandoenlameditacion.com\/index.php\/quienes-somos\/","title":{"rendered":"Quienes somos"},"content":{"rendered":"\r\n<div id=\"bannerL\" style=\"text-align: center;\">\r\n<p style=\"text-align: left;\">Mi nombre es Marcelo Jorge Fern\u00e1ndez practico el arte de la meditaci\u00f3n desde principios de los 2000, he tomado diferentes cursos en distintas partes del mundo, aprendiendo y practicando meditaci\u00f3n.<\/p>\r\n<p style=\"text-align: left;\">Actualmente trabajo en dos centros de rehabilitaci\u00f3n de adictos, ubicados en Rosario Provincia de santa Fe , dando talleres de recuperaci\u00f3n en el Dharma y meditaci\u00f3n guiada Vipassana, donde trabajan tambi\u00e9n otros formadores en la espiritualidad y la recuperaci\u00f3n de la sobriedad.<\/p>\r\n<p style=\"text-align: left;\">Somos un grupo de personas apasionadas por la meditaci\u00f3n y el bienestar f\u00edsico, mental y emocional. Creemos firmemente que la pr\u00e1ctica de la meditaci\u00f3n es una herramienta poderosa para alcanzar la paz interior, la claridad mental y la conexi\u00f3n con nuestro ser m\u00e1s profundo. Nuestro objetivo es compartir esta pr\u00e1ctica con todos aquellos que buscan mejorar su calidad de vida y encontrar un equilibrio en su d\u00eda a d\u00eda. A trav\u00e9s de nuestros programas de meditaci\u00f3n y respiraci\u00f3n, ya sea en persona o en l\u00ednea, queremos ayudarte a conectarte contigo mismo, a encontrar la calma y la serenidad que tanto necesitas en estos tiempos de tanta incertidumbre. \u00a1\u00danete a nosotros en este viaje hacia una vida m\u00e1s plena y armoniosa!<\/p>\r\n<\/div>\r\n<div id=\"bannerR\" style=\"text-align: left;\">\u00a0<\/div>\r\n","protected":false},"excerpt":{"rendered":"<p>Mi nombre es Marcelo Jorge Fern\u00e1ndez practico el arte de la meditaci\u00f3n desde principios de los 2000, he tomado diferentes cursos en distintas partes del mundo, aprendiendo y practicando meditaci\u00f3n. Actualmente trabajo en dos centros de rehabilitaci\u00f3n de adictos, ubicados en Rosario Provincia de santa Fe , dando talleres de recuperaci\u00f3n en el Dharma y &#8230; <a title=\"Quienes somos\" class=\"read-more\" href=\"https:\/\/sanandoenlameditacion.com\/index.php\/quienes-somos\/\" aria-label=\"Leer m\u00e1s sobre Quienes somos\">Leer m\u00e1s<\/a><\/p>\n","protected":false},"author":1,"featured_media":40,"parent":0,"menu_order":0,"comment_status":"closed","ping_status":"closed","template":"","meta":{"_uf_show_specific_survey":0,"_uf_disable_surveys":false,"footnotes":""},"class_list":["post-15","page","type-page","status-publish","has-post-thumbnail"],"yoast_head":"<!-- This site is optimized with the Yoast SEO plugin v27.5 - https:\/\/yoast.com\/product\/yoast-seo-wordpress\/ -->\n<title>Quienes somos - Sanando en la meditaci\u00f3n<\/title>\n<meta name=\"robots\" content=\"index, follow, max-snippet:-1, max-image-preview:large, max-video-preview:-1\" \/>\n<link rel=\"canonical\" href=\"https:\/\/sanandoenlameditacion.com\/index.php\/quienes-somos\/\" \/>\n<meta property=\"og:locale\" content=\"es_ES\" \/>\n<meta property=\"og:type\" content=\"article\" \/>\n<meta property=\"og:title\" content=\"Quienes somos - Sanando en la meditaci\u00f3n\" \/>\n<meta property=\"og:description\" content=\"Mi nombre es Marcelo Jorge Fern\u00e1ndez practico el arte de la meditaci\u00f3n desde principios de los 2000, he tomado diferentes cursos en distintas partes del mundo, aprendiendo y practicando meditaci\u00f3n. Actualmente trabajo en dos centros de rehabilitaci\u00f3n de adictos, ubicados en Rosario Provincia de santa Fe , dando talleres de recuperaci\u00f3n en el Dharma y ... Leer m\u00e1s\" \/>\n<meta property=\"og:url\" content=\"https:\/\/sanandoenlameditacion.com\/index.php\/quienes-somos\/\" \/>\n<meta property=\"og:site_name\" content=\"Sanando en la meditaci\u00f3n\" \/>\n<meta property=\"article:modified_time\" content=\"2023-09-15T16:06:12+00:00\" \/>\n<meta property=\"og:image\" content=\"https:\/\/sanandoenlameditacion.com\/wp-content\/uploads\/2023\/04\/Beneficios-de-la-meditacion.jpg\" \/>\n\t<meta property=\"og:image:width\" content=\"640\" \/>\n\t<meta property=\"og:image:height\" content=\"427\" \/>\n\t<meta property=\"og:image:type\" content=\"image\/jpeg\" \/>\n<meta name=\"twitter:card\" content=\"summary_large_image\" \/>\n<meta name=\"twitter:label1\" content=\"Tiempo de lectura\" \/>\n\t<meta name=\"twitter:data1\" content=\"1 minuto\" \/>\n<script type=\"application\/ld+json\" class=\"yoast-schema-graph\">{\"@context\":\"https:\\\/\\\/schema.org\",\"@graph\":[{\"@type\":\"WebPage\",\"@id\":\"https:\\\/\\\/sanandoenlameditacion.com\\\/index.php\\\/quienes-somos\\\/\",\"url\":\"https:\\\/\\\/sanandoenlameditacion.com\\\/index.php\\\/quienes-somos\\\/\",\"name\":\"Quienes somos - Sanando en la meditaci\u00f3n\",\"isPartOf\":{\"@id\":\"https:\\\/\\\/sanandoenlameditacion.com\\\/#website\"},\"primaryImageOfPage\":{\"@id\":\"https:\\\/\\\/sanandoenlameditacion.com\\\/index.php\\\/quienes-somos\\\/#primaryimage\"},\"image\":{\"@id\":\"https:\\\/\\\/sanandoenlameditacion.com\\\/index.php\\\/quienes-somos\\\/#primaryimage\"},\"thumbnailUrl\":\"https:\\\/\\\/sanandoenlameditacion.com\\\/wp-content\\\/uploads\\\/2023\\\/04\\\/Beneficios-de-la-meditacion.jpg\",\"datePublished\":\"2023-04-13T04:38:29+00:00\",\"dateModified\":\"2023-09-15T16:06:12+00:00\",\"breadcrumb\":{\"@id\":\"https:\\\/\\\/sanandoenlameditacion.com\\\/index.php\\\/quienes-somos\\\/#breadcrumb\"},\"inLanguage\":\"es-AR\",\"potentialAction\":[{\"@type\":\"ReadAction\",\"target\":[\"https:\\\/\\\/sanandoenlameditacion.com\\\/index.php\\\/quienes-somos\\\/\"]}]},{\"@type\":\"ImageObject\",\"inLanguage\":\"es-AR\",\"@id\":\"https:\\\/\\\/sanandoenlameditacion.com\\\/index.php\\\/quienes-somos\\\/#primaryimage\",\"url\":\"https:\\\/\\\/sanandoenlameditacion.com\\\/wp-content\\\/uploads\\\/2023\\\/04\\\/Beneficios-de-la-meditacion.jpg\",\"contentUrl\":\"https:\\\/\\\/sanandoenlameditacion.com\\\/wp-content\\\/uploads\\\/2023\\\/04\\\/Beneficios-de-la-meditacion.jpg\",\"width\":640,\"height\":427},{\"@type\":\"BreadcrumbList\",\"@id\":\"https:\\\/\\\/sanandoenlameditacion.com\\\/index.php\\\/quienes-somos\\\/#breadcrumb\",\"itemListElement\":[{\"@type\":\"ListItem\",\"position\":1,\"name\":\"Portada\",\"item\":\"https:\\\/\\\/sanandoenlameditacion.com\\\/\"},{\"@type\":\"ListItem\",\"position\":2,\"name\":\"Quienes somos\"}]},{\"@type\":\"WebSite\",\"@id\":\"https:\\\/\\\/sanandoenlameditacion.com\\\/#website\",\"url\":\"https:\\\/\\\/sanandoenlameditacion.com\\\/\",\"name\":\"Sanando en la meditaci\u00f3n\",\"description\":\"En este sitio encontrar\u00e1n art\u00edculos sobre distintos tipos de meditaci\u00f3n, t\u00e9cnicas de respiraci\u00f3n, beneficios de la meditaci\u00f3n\",\"publisher\":{\"@id\":\"https:\\\/\\\/sanandoenlameditacion.com\\\/#organization\"},\"potentialAction\":[{\"@type\":\"SearchAction\",\"target\":{\"@type\":\"EntryPoint\",\"urlTemplate\":\"https:\\\/\\\/sanandoenlameditacion.com\\\/?s={search_term_string}\"},\"query-input\":{\"@type\":\"PropertyValueSpecification\",\"valueRequired\":true,\"valueName\":\"search_term_string\"}}],\"inLanguage\":\"es-AR\"},{\"@type\":\"Organization\",\"@id\":\"https:\\\/\\\/sanandoenlameditacion.com\\\/#organization\",\"name\":\"Sanando en la meditaci\u00f3n\",\"url\":\"https:\\\/\\\/sanandoenlameditacion.com\\\/\",\"logo\":{\"@type\":\"ImageObject\",\"inLanguage\":\"es-AR\",\"@id\":\"https:\\\/\\\/sanandoenlameditacion.com\\\/#\\\/schema\\\/logo\\\/image\\\/\",\"url\":\"https:\\\/\\\/sanandoenlameditacion.com\\\/wp-content\\\/uploads\\\/2023\\\/04\\\/Budismo-Meditacion.jpg\",\"contentUrl\":\"https:\\\/\\\/sanandoenlameditacion.com\\\/wp-content\\\/uploads\\\/2023\\\/04\\\/Budismo-Meditacion.jpg\",\"width\":480,\"height\":640,\"caption\":\"Sanando en la meditaci\u00f3n\"},\"image\":{\"@id\":\"https:\\\/\\\/sanandoenlameditacion.com\\\/#\\\/schema\\\/logo\\\/image\\\/\"}}]}<\/script>\n<!-- \/ Yoast SEO plugin. -->","yoast_head_json":{"title":"Quienes somos - Sanando en la meditaci\u00f3n","robots":{"index":"index","follow":"follow","max-snippet":"max-snippet:-1","max-image-preview":"max-image-preview:large","max-video-preview":"max-video-preview:-1"},"canonical":"https:\/\/sanandoenlameditacion.com\/index.php\/quienes-somos\/","og_locale":"es_ES","og_type":"article","og_title":"Quienes somos - Sanando en la meditaci\u00f3n","og_description":"Mi nombre es Marcelo Jorge Fern\u00e1ndez practico el arte de la meditaci\u00f3n desde principios de los 2000, he tomado diferentes cursos en distintas partes del mundo, aprendiendo y practicando meditaci\u00f3n. Actualmente trabajo en dos centros de rehabilitaci\u00f3n de adictos, ubicados en Rosario Provincia de santa Fe , dando talleres de recuperaci\u00f3n en el Dharma y ... Leer m\u00e1s","og_url":"https:\/\/sanandoenlameditacion.com\/index.php\/quienes-somos\/","og_site_name":"Sanando en la meditaci\u00f3n","article_modified_time":"2023-09-15T16:06:12+00:00","og_image":[{"width":640,"height":427,"url":"https:\/\/sanandoenlameditacion.com\/wp-content\/uploads\/2023\/04\/Beneficios-de-la-meditacion.jpg","type":"image\/jpeg"}],"twitter_card":"summary_large_image","twitter_misc":{"Tiempo de lectura":"1 minuto"},"schema":{"@context":"https:\/\/schema.org","@graph":[{"@type":"WebPage","@id":"https:\/\/sanandoenlameditacion.com\/index.php\/quienes-somos\/","url":"https:\/\/sanandoenlameditacion.com\/index.php\/quienes-somos\/","name":"Quienes somos - Sanando en la meditaci\u00f3n","isPartOf":{"@id":"https:\/\/sanandoenlameditacion.com\/#website"},"primaryImageOfPage":{"@id":"https:\/\/sanandoenlameditacion.com\/index.php\/quienes-somos\/#primaryimage"},"image":{"@id":"https:\/\/sanandoenlameditacion.com\/index.php\/quienes-somos\/#primaryimage"},"thumbnailUrl":"https:\/\/sanandoenlameditacion.com\/wp-content\/uploads\/2023\/04\/Beneficios-de-la-meditacion.jpg","datePublished":"2023-04-13T04:38:29+00:00","dateModified":"2023-09-15T16:06:12+00:00","breadcrumb":{"@id":"https:\/\/sanandoenlameditacion.com\/index.php\/quienes-somos\/#breadcrumb"},"inLanguage":"es-AR","potentialAction":[{"@type":"ReadAction","target":["https:\/\/sanandoenlameditacion.com\/index.php\/quienes-somos\/"]}]},{"@type":"ImageObject","inLanguage":"es-AR","@id":"https:\/\/sanandoenlameditacion.com\/index.php\/quienes-somos\/#primaryimage","url":"https:\/\/sanandoenlameditacion.com\/wp-content\/uploads\/2023\/04\/Beneficios-de-la-meditacion.jpg","contentUrl":"https:\/\/sanandoenlameditacion.com\/wp-content\/uploads\/2023\/04\/Beneficios-de-la-meditacion.jpg","width":640,"height":427},{"@type":"BreadcrumbList","@id":"https:\/\/sanandoenlameditacion.com\/index.php\/quienes-somos\/#breadcrumb","itemListElement":[{"@type":"ListItem","position":1,"name":"Portada","item":"https:\/\/sanandoenlameditacion.com\/"},{"@type":"ListItem","position":2,"name":"Quienes somos"}]},{"@type":"WebSite","@id":"https:\/\/sanandoenlameditacion.com\/#website","url":"https:\/\/sanandoenlameditacion.com\/","name":"Sanando en la meditaci\u00f3n","description":"En este sitio encontrar\u00e1n art\u00edculos sobre distintos tipos de meditaci\u00f3n, t\u00e9cnicas de respiraci\u00f3n, beneficios de la meditaci\u00f3n","publisher":{"@id":"https:\/\/sanandoenlameditacion.com\/#organization"},"potentialAction":[{"@type":"SearchAction","target":{"@type":"EntryPoint","urlTemplate":"https:\/\/sanandoenlameditacion.com\/?s={search_term_string}"},"query-input":{"@type":"PropertyValueSpecification","valueRequired":true,"valueName":"search_term_string"}}],"inLanguage":"es-AR"},{"@type":"Organization","@id":"https:\/\/sanandoenlameditacion.com\/#organization","name":"Sanando en la meditaci\u00f3n","url":"https:\/\/sanandoenlameditacion.com\/","logo":{"@type":"ImageObject","inLanguage":"es-AR","@id":"https:\/\/sanandoenlameditacion.com\/#\/schema\/logo\/image\/","url":"https:\/\/sanandoenlameditacion.com\/wp-content\/uploads\/2023\/04\/Budismo-Meditacion.jpg","contentUrl":"https:\/\/sanandoenlameditacion.com\/wp-content\/uploads\/2023\/04\/Budismo-Meditacion.jpg","width":480,"height":640,"caption":"Sanando en la meditaci\u00f3n"},"image":{"@id":"https:\/\/sanandoenlameditacion.com\/#\/schema\/logo\/image\/"}}]}},"_links":{"self":[{"href":"https:\/\/sanandoenlameditacion.com\/index.php\/wp-json\/wp\/v2\/pages\/15","targetHints":{"allow":["GET"]}}],"collection":[{"href":"https:\/\/sanandoenlameditacion.com\/index.php\/wp-json\/wp\/v2\/pages"}],"about":[{"href":"https:\/\/sanandoenlameditacion.com\/index.php\/wp-json\/wp\/v2\/types\/page"}],"author":[{"embeddable":true,"href":"https:\/\/sanandoenlameditacion.com\/index.php\/wp-json\/wp\/v2\/users\/1"}],"replies":[{"embeddable":true,"href":"https:\/\/sanandoenlameditacion.com\/index.php\/wp-json\/wp\/v2\/comments?post=15"}],"version-history":[{"count":4,"href":"https:\/\/sanandoenlameditacion.com\/index.php\/wp-json\/wp\/v2\/pages\/15\/revisions"}],"predecessor-version":[{"id":73,"href":"https:\/\/sanandoenlameditacion.com\/index.php\/wp-json\/wp\/v2\/pages\/15\/revisions\/73"}],"wp:featuredmedia":[{"embeddable":true,"href":"https:\/\/sanandoenlameditacion.com\/index.php\/wp-json\/wp\/v2\/media\/40"}],"wp:attachment":[{"href":"https:\/\/sanandoenlameditacion.com\/index.php\/wp-json\/wp\/v2\/media?parent=15"}],"curies":[{"name":"wp","href":"https:\/\/api.w.org\/{rel}","templated":true}]}}