{"id":112,"date":"2023-10-04T21:24:40","date_gmt":"2023-10-04T21:24:40","guid":{"rendered":"https:\/\/sanandoenlameditacion.com\/?page_id=112"},"modified":"2025-06-23T23:11:40","modified_gmt":"2025-06-23T23:11:40","slug":"descubre-la-energia-curativa-del-reiki","status":"publish","type":"page","link":"https:\/\/sanandoenlameditacion.com\/index.php\/descubre-la-energia-curativa-del-reiki\/","title":{"rendered":"Descubre la energ\u00eda curativa del Reiki"},"content":{"rendered":"<p>Damos la bienvenida a una nueva dimensi\u00f3n de bienestar con la incorporaci\u00f3n de servicios de Reiki. El Reiki es una antigua pr\u00e1ctica de sanaci\u00f3n que canaliza la energ\u00eda universal para equilibrar la mente, el cuerpo y el esp\u00edritu.<\/p>\n<p><strong>Descubre c\u00f3mo el Reiki puede guiarte hacia un estado de armon\u00eda y revitalizaci\u00f3n<\/strong><\/p>\n<p>Ya sea que busques aliviar el estr\u00e9s, mejorar tu bienestar emocional o explorar nuevas v\u00edas de autocuraci\u00f3n, el Reiki puede ser la respuesta que estabas buscando. Nuestros servicios de Reiki est\u00e1n dise\u00f1ados para adaptarse a tus necesidades individuales y ayudarte a encontrar el equilibrio interior.<\/p>\n<p>Encuentra la maravillosa energ\u00eda curativa del Reiki y d\u00e9jame acompa\u00f1arte en tu viaje hacia una vida m\u00e1s saludable y equilibrada.<\/p>\n<p>\u00a1Esperamos verte pronto en nuestras sesiones de Reiki!<\/p>\n","protected":false},"excerpt":{"rendered":"<p>Damos la bienvenida a una nueva dimensi\u00f3n de bienestar con la incorporaci\u00f3n de servicios de Reiki. El Reiki es una antigua pr\u00e1ctica de sanaci\u00f3n que canaliza la energ\u00eda universal para equilibrar la mente, el cuerpo y el esp\u00edritu. Descubre c\u00f3mo el Reiki puede guiarte hacia un estado de armon\u00eda y revitalizaci\u00f3n Ya sea que busques &#8230; <a title=\"Descubre la energ\u00eda curativa del Reiki\" class=\"read-more\" href=\"https:\/\/sanandoenlameditacion.com\/index.php\/descubre-la-energia-curativa-del-reiki\/\" aria-label=\"Leer m\u00e1s sobre Descubre la energ\u00eda curativa del Reiki\">Leer m\u00e1s<\/a><\/p>\n","protected":false},"author":1,"featured_media":113,"parent":0,"menu_order":0,"comment_status":"closed","ping_status":"closed","template":"","meta":{"_uf_show_specific_survey":0,"_uf_disable_surveys":false,"footnotes":""},"class_list":["post-112","page","type-page","status-publish","has-post-thumbnail"],"yoast_head":"<!-- This site is optimized with the Yoast SEO plugin v27.5 - https:\/\/yoast.com\/product\/yoast-seo-wordpress\/ -->\n<title>Descubre la energ\u00eda curativa del Reiki - Sanando en la meditaci\u00f3n<\/title>\n<meta name=\"description\" content=\"Descubre la poderosa energ\u00eda curativa del Reiki. Experimenta la armon\u00eda, la revitalizaci\u00f3n y el bienestar a trav\u00e9s de las manos\" \/>\n<meta name=\"robots\" content=\"index, follow, max-snippet:-1, max-image-preview:large, max-video-preview:-1\" \/>\n<link rel=\"canonical\" href=\"https:\/\/sanandoenlameditacion.com\/index.php\/descubre-la-energia-curativa-del-reiki\/\" \/>\n<meta property=\"og:locale\" content=\"es_ES\" \/>\n<meta property=\"og:type\" content=\"article\" \/>\n<meta property=\"og:title\" content=\"Descubre la energ\u00eda curativa del Reiki - Sanando en la meditaci\u00f3n\" \/>\n<meta property=\"og:description\" content=\"Descubre la poderosa energ\u00eda curativa del Reiki. Experimenta la armon\u00eda, la revitalizaci\u00f3n y el bienestar a trav\u00e9s de las manos\" \/>\n<meta property=\"og:url\" content=\"https:\/\/sanandoenlameditacion.com\/index.php\/descubre-la-energia-curativa-del-reiki\/\" \/>\n<meta property=\"og:site_name\" content=\"Sanando en la meditaci\u00f3n\" \/>\n<meta property=\"article:modified_time\" content=\"2025-06-23T23:11:40+00:00\" \/>\n<meta property=\"og:image\" content=\"https:\/\/sanandoenlameditacion.com\/wp-content\/uploads\/2023\/10\/reiki-2.jpg\" \/>\n\t<meta property=\"og:image:width\" content=\"250\" \/>\n\t<meta property=\"og:image:height\" content=\"250\" \/>\n\t<meta property=\"og:image:type\" content=\"image\/jpeg\" \/>\n<meta name=\"twitter:card\" content=\"summary_large_image\" \/>\n<meta name=\"twitter:label1\" content=\"Tiempo de lectura\" \/>\n\t<meta name=\"twitter:data1\" content=\"1 minuto\" \/>\n<script type=\"application\/ld+json\" class=\"yoast-schema-graph\">{\"@context\":\"https:\\\/\\\/schema.org\",\"@graph\":[{\"@type\":\"WebPage\",\"@id\":\"https:\\\/\\\/sanandoenlameditacion.com\\\/index.php\\\/descubre-la-energia-curativa-del-reiki\\\/\",\"url\":\"https:\\\/\\\/sanandoenlameditacion.com\\\/index.php\\\/descubre-la-energia-curativa-del-reiki\\\/\",\"name\":\"Descubre la energ\u00eda curativa del Reiki - Sanando en la meditaci\u00f3n\",\"isPartOf\":{\"@id\":\"https:\\\/\\\/sanandoenlameditacion.com\\\/#website\"},\"primaryImageOfPage\":{\"@id\":\"https:\\\/\\\/sanandoenlameditacion.com\\\/index.php\\\/descubre-la-energia-curativa-del-reiki\\\/#primaryimage\"},\"image\":{\"@id\":\"https:\\\/\\\/sanandoenlameditacion.com\\\/index.php\\\/descubre-la-energia-curativa-del-reiki\\\/#primaryimage\"},\"thumbnailUrl\":\"https:\\\/\\\/sanandoenlameditacion.com\\\/wp-content\\\/uploads\\\/2023\\\/10\\\/reiki-2.jpg\",\"datePublished\":\"2023-10-04T21:24:40+00:00\",\"dateModified\":\"2025-06-23T23:11:40+00:00\",\"description\":\"Descubre la poderosa energ\u00eda curativa del Reiki. Experimenta la armon\u00eda, la revitalizaci\u00f3n y el bienestar a trav\u00e9s de las manos\",\"breadcrumb\":{\"@id\":\"https:\\\/\\\/sanandoenlameditacion.com\\\/index.php\\\/descubre-la-energia-curativa-del-reiki\\\/#breadcrumb\"},\"inLanguage\":\"es-AR\",\"potentialAction\":[{\"@type\":\"ReadAction\",\"target\":[\"https:\\\/\\\/sanandoenlameditacion.com\\\/index.php\\\/descubre-la-energia-curativa-del-reiki\\\/\"]}]},{\"@type\":\"ImageObject\",\"inLanguage\":\"es-AR\",\"@id\":\"https:\\\/\\\/sanandoenlameditacion.com\\\/index.php\\\/descubre-la-energia-curativa-del-reiki\\\/#primaryimage\",\"url\":\"https:\\\/\\\/sanandoenlameditacion.com\\\/wp-content\\\/uploads\\\/2023\\\/10\\\/reiki-2.jpg\",\"contentUrl\":\"https:\\\/\\\/sanandoenlameditacion.com\\\/wp-content\\\/uploads\\\/2023\\\/10\\\/reiki-2.jpg\",\"width\":250,\"height\":250},{\"@type\":\"BreadcrumbList\",\"@id\":\"https:\\\/\\\/sanandoenlameditacion.com\\\/index.php\\\/descubre-la-energia-curativa-del-reiki\\\/#breadcrumb\",\"itemListElement\":[{\"@type\":\"ListItem\",\"position\":1,\"name\":\"Portada\",\"item\":\"https:\\\/\\\/sanandoenlameditacion.com\\\/\"},{\"@type\":\"ListItem\",\"position\":2,\"name\":\"Descubre la energ\u00eda curativa del Reiki\"}]},{\"@type\":\"WebSite\",\"@id\":\"https:\\\/\\\/sanandoenlameditacion.com\\\/#website\",\"url\":\"https:\\\/\\\/sanandoenlameditacion.com\\\/\",\"name\":\"Sanando en la meditaci\u00f3n\",\"description\":\"En este sitio encontrar\u00e1n art\u00edculos sobre distintos tipos de meditaci\u00f3n, t\u00e9cnicas de respiraci\u00f3n, beneficios de la meditaci\u00f3n\",\"publisher\":{\"@id\":\"https:\\\/\\\/sanandoenlameditacion.com\\\/#organization\"},\"potentialAction\":[{\"@type\":\"SearchAction\",\"target\":{\"@type\":\"EntryPoint\",\"urlTemplate\":\"https:\\\/\\\/sanandoenlameditacion.com\\\/?s={search_term_string}\"},\"query-input\":{\"@type\":\"PropertyValueSpecification\",\"valueRequired\":true,\"valueName\":\"search_term_string\"}}],\"inLanguage\":\"es-AR\"},{\"@type\":\"Organization\",\"@id\":\"https:\\\/\\\/sanandoenlameditacion.com\\\/#organization\",\"name\":\"Sanando en la meditaci\u00f3n\",\"url\":\"https:\\\/\\\/sanandoenlameditacion.com\\\/\",\"logo\":{\"@type\":\"ImageObject\",\"inLanguage\":\"es-AR\",\"@id\":\"https:\\\/\\\/sanandoenlameditacion.com\\\/#\\\/schema\\\/logo\\\/image\\\/\",\"url\":\"https:\\\/\\\/sanandoenlameditacion.com\\\/wp-content\\\/uploads\\\/2023\\\/04\\\/Budismo-Meditacion.jpg\",\"contentUrl\":\"https:\\\/\\\/sanandoenlameditacion.com\\\/wp-content\\\/uploads\\\/2023\\\/04\\\/Budismo-Meditacion.jpg\",\"width\":480,\"height\":640,\"caption\":\"Sanando en la meditaci\u00f3n\"},\"image\":{\"@id\":\"https:\\\/\\\/sanandoenlameditacion.com\\\/#\\\/schema\\\/logo\\\/image\\\/\"}}]}<\/script>\n<!-- \/ Yoast SEO plugin. -->","yoast_head_json":{"title":"Descubre la energ\u00eda curativa del Reiki - Sanando en la meditaci\u00f3n","description":"Descubre la poderosa energ\u00eda curativa del Reiki. Experimenta la armon\u00eda, la revitalizaci\u00f3n y el bienestar a trav\u00e9s de las manos","robots":{"index":"index","follow":"follow","max-snippet":"max-snippet:-1","max-image-preview":"max-image-preview:large","max-video-preview":"max-video-preview:-1"},"canonical":"https:\/\/sanandoenlameditacion.com\/index.php\/descubre-la-energia-curativa-del-reiki\/","og_locale":"es_ES","og_type":"article","og_title":"Descubre la energ\u00eda curativa del Reiki - Sanando en la meditaci\u00f3n","og_description":"Descubre la poderosa energ\u00eda curativa del Reiki. Experimenta la armon\u00eda, la revitalizaci\u00f3n y el bienestar a trav\u00e9s de las manos","og_url":"https:\/\/sanandoenlameditacion.com\/index.php\/descubre-la-energia-curativa-del-reiki\/","og_site_name":"Sanando en la meditaci\u00f3n","article_modified_time":"2025-06-23T23:11:40+00:00","og_image":[{"width":250,"height":250,"url":"https:\/\/sanandoenlameditacion.com\/wp-content\/uploads\/2023\/10\/reiki-2.jpg","type":"image\/jpeg"}],"twitter_card":"summary_large_image","twitter_misc":{"Tiempo de lectura":"1 minuto"},"schema":{"@context":"https:\/\/schema.org","@graph":[{"@type":"WebPage","@id":"https:\/\/sanandoenlameditacion.com\/index.php\/descubre-la-energia-curativa-del-reiki\/","url":"https:\/\/sanandoenlameditacion.com\/index.php\/descubre-la-energia-curativa-del-reiki\/","name":"Descubre la energ\u00eda curativa del Reiki - Sanando en la meditaci\u00f3n","isPartOf":{"@id":"https:\/\/sanandoenlameditacion.com\/#website"},"primaryImageOfPage":{"@id":"https:\/\/sanandoenlameditacion.com\/index.php\/descubre-la-energia-curativa-del-reiki\/#primaryimage"},"image":{"@id":"https:\/\/sanandoenlameditacion.com\/index.php\/descubre-la-energia-curativa-del-reiki\/#primaryimage"},"thumbnailUrl":"https:\/\/sanandoenlameditacion.com\/wp-content\/uploads\/2023\/10\/reiki-2.jpg","datePublished":"2023-10-04T21:24:40+00:00","dateModified":"2025-06-23T23:11:40+00:00","description":"Descubre la poderosa energ\u00eda curativa del Reiki. Experimenta la armon\u00eda, la revitalizaci\u00f3n y el bienestar a trav\u00e9s de las manos","breadcrumb":{"@id":"https:\/\/sanandoenlameditacion.com\/index.php\/descubre-la-energia-curativa-del-reiki\/#breadcrumb"},"inLanguage":"es-AR","potentialAction":[{"@type":"ReadAction","target":["https:\/\/sanandoenlameditacion.com\/index.php\/descubre-la-energia-curativa-del-reiki\/"]}]},{"@type":"ImageObject","inLanguage":"es-AR","@id":"https:\/\/sanandoenlameditacion.com\/index.php\/descubre-la-energia-curativa-del-reiki\/#primaryimage","url":"https:\/\/sanandoenlameditacion.com\/wp-content\/uploads\/2023\/10\/reiki-2.jpg","contentUrl":"https:\/\/sanandoenlameditacion.com\/wp-content\/uploads\/2023\/10\/reiki-2.jpg","width":250,"height":250},{"@type":"BreadcrumbList","@id":"https:\/\/sanandoenlameditacion.com\/index.php\/descubre-la-energia-curativa-del-reiki\/#breadcrumb","itemListElement":[{"@type":"ListItem","position":1,"name":"Portada","item":"https:\/\/sanandoenlameditacion.com\/"},{"@type":"ListItem","position":2,"name":"Descubre la energ\u00eda curativa del Reiki"}]},{"@type":"WebSite","@id":"https:\/\/sanandoenlameditacion.com\/#website","url":"https:\/\/sanandoenlameditacion.com\/","name":"Sanando en la meditaci\u00f3n","description":"En este sitio encontrar\u00e1n art\u00edculos sobre distintos tipos de meditaci\u00f3n, t\u00e9cnicas de respiraci\u00f3n, beneficios de la meditaci\u00f3n","publisher":{"@id":"https:\/\/sanandoenlameditacion.com\/#organization"},"potentialAction":[{"@type":"SearchAction","target":{"@type":"EntryPoint","urlTemplate":"https:\/\/sanandoenlameditacion.com\/?s={search_term_string}"},"query-input":{"@type":"PropertyValueSpecification","valueRequired":true,"valueName":"search_term_string"}}],"inLanguage":"es-AR"},{"@type":"Organization","@id":"https:\/\/sanandoenlameditacion.com\/#organization","name":"Sanando en la meditaci\u00f3n","url":"https:\/\/sanandoenlameditacion.com\/","logo":{"@type":"ImageObject","inLanguage":"es-AR","@id":"https:\/\/sanandoenlameditacion.com\/#\/schema\/logo\/image\/","url":"https:\/\/sanandoenlameditacion.com\/wp-content\/uploads\/2023\/04\/Budismo-Meditacion.jpg","contentUrl":"https:\/\/sanandoenlameditacion.com\/wp-content\/uploads\/2023\/04\/Budismo-Meditacion.jpg","width":480,"height":640,"caption":"Sanando en la meditaci\u00f3n"},"image":{"@id":"https:\/\/sanandoenlameditacion.com\/#\/schema\/logo\/image\/"}}]}},"_links":{"self":[{"href":"https:\/\/sanandoenlameditacion.com\/index.php\/wp-json\/wp\/v2\/pages\/112","targetHints":{"allow":["GET"]}}],"collection":[{"href":"https:\/\/sanandoenlameditacion.com\/index.php\/wp-json\/wp\/v2\/pages"}],"about":[{"href":"https:\/\/sanandoenlameditacion.com\/index.php\/wp-json\/wp\/v2\/types\/page"}],"author":[{"embeddable":true,"href":"https:\/\/sanandoenlameditacion.com\/index.php\/wp-json\/wp\/v2\/users\/1"}],"replies":[{"embeddable":true,"href":"https:\/\/sanandoenlameditacion.com\/index.php\/wp-json\/wp\/v2\/comments?post=112"}],"version-history":[{"count":3,"href":"https:\/\/sanandoenlameditacion.com\/index.php\/wp-json\/wp\/v2\/pages\/112\/revisions"}],"predecessor-version":[{"id":306,"href":"https:\/\/sanandoenlameditacion.com\/index.php\/wp-json\/wp\/v2\/pages\/112\/revisions\/306"}],"wp:featuredmedia":[{"embeddable":true,"href":"https:\/\/sanandoenlameditacion.com\/index.php\/wp-json\/wp\/v2\/media\/113"}],"wp:attachment":[{"href":"https:\/\/sanandoenlameditacion.com\/index.php\/wp-json\/wp\/v2\/media?parent=112"}],"curies":[{"name":"wp","href":"https:\/\/api.w.org\/{rel}","templated":true}]}}